{"id":12,"date":"2024-08-13T14:45:57","date_gmt":"2024-08-13T14:45:57","guid":{"rendered":"https:\/\/pepsasa.com\/?page_id=12"},"modified":"2024-10-24T16:05:26","modified_gmt":"2024-10-24T16:05:26","slug":"home","status":"publish","type":"page","link":"https:\/\/pepsasa.com\/","title":{"rendered":"INICIO"},"content":{"rendered":"\n<div class=\"slider-wrapper relative\" id=\"slider-659043573\" style=\"background-color:rgb(0, 0, 0);\">\n    <div class=\"slider slider-nav-circle slider-nav-large slider-nav-light slider-style-normal\"\n        data-flickity-options='{\n            \"cellAlign\": \"center\",\n            \"imagesLoaded\": true,\n            \"lazyLoad\": 1,\n            \"freeScroll\": false,\n            \"wrapAround\": true,\n            \"autoPlay\": 6000,\n            \"pauseAutoPlayOnHover\" : true,\n            \"prevNextButtons\": true,\n            \"contain\" : true,\n            \"adaptiveHeight\" : true,\n            \"dragThreshold\" : 10,\n            \"percentPosition\": true,\n            \"pageDots\": true,\n            \"rightToLeft\": false,\n            \"draggable\": true,\n            \"selectedAttraction\": 0.1,\n            \"parallax\" : 0,\n            \"friction\": 0.6        }'\n        >\n        \n\n\n  <div class=\"banner has-hover is-full-height has-slide-effect slide-zoom-in\" id=\"banner-1961259569\">\n          <div class=\"banner-inner fill\">\n        <div class=\"banner-bg fill\" >\n            <div class=\"bg fill bg-fill \"><\/div>\n                        <div class=\"overlay\"><\/div>            \n                    <\/div>\n\t\t\n        <div class=\"banner-layers container\">\n            <div class=\"fill banner-link\"><\/div>            \n\n   <div id=\"text-box-775906059\" class=\"text-box banner-layer x100 md-x100 lg-x100 y95 md-y95 lg-y95 res-text\">\n              <div data-parallax=\"2\" data-parallax-fade=\"true\">       <div data-animate=\"fadeInUp\">           <div class=\"text-box-content text dark\">\n              \n              <div class=\"text-inner text-center\">\n                  \n\n\t<div class=\"img has-hover x md-x lg-x y md-y lg-y\" id=\"image_918721701\">\n\t\t\t\t\t\t\t\t<div class=\"img-inner dark\" >\n\t\t\t<img loading=\"lazy\" decoding=\"async\" width=\"270\" height=\"74\" src=\"https:\/\/pepsasa.com\/wp-content\/uploads\/2024\/10\/WhatsApp_Image_2024-10-18_at_15.59.10-removebg-preview.png\" class=\"attachment-large size-large\" alt=\"\" \/>\t\t\t\t\t\t\n\t\t\t\t\t<\/div>\n\t\t\t\t\t\t\t\t\n<style>\n#image_918721701 {\n  width: 48%;\n}\n<\/style>\n\t<\/div>\n\t\n\n\n              <\/div>\n           <\/div>\n       <\/div>       <\/div>              \n<style>\n#text-box-775906059 {\n  width: 100%;\n}\n#text-box-775906059 .text-box-content {\n  font-size: 100%;\n}\n@media (min-width:550px) {\n  #text-box-775906059 {\n    width: 52%;\n  }\n}\n<\/style>\n    <\/div>\n \n\n        <\/div>\n      <\/div>\n\n            \n<style>\n#banner-1961259569 {\n  padding-top: 100%;\n  background-color: rgb(35, 35, 35);\n}\n#banner-1961259569 .bg.bg-loaded {\n  background-image: url(https:\/\/pepsasa.com\/wp-content\/uploads\/2024\/10\/auto-colores-seleccion-scaled.webp);\n}\n#banner-1961259569 .overlay {\n  background-color: rgba(0, 0, 0, 0.17);\n}\n#banner-1961259569 .bg {\n  background-position: 44% 34%;\n}\n#banner-1961259569 .ux-shape-divider--top svg {\n  height: 150px;\n  --divider-top-width: 100%;\n}\n#banner-1961259569 .ux-shape-divider--bottom svg {\n  height: 150px;\n  --divider-width: 100%;\n}\n<\/style>\n  <\/div>\n\n\n\n     <\/div>\n\n     <div class=\"loading-spin dark large centered\"><\/div>\n\n     \t<\/div>\n\n\n\t<section class=\"section dark\" id=\"section_1064209925\">\n\t\t<div class=\"bg section-bg fill bg-fill  bg-loaded\" >\n\n\t\t\t\n\t\t\t\n\t\t\t\n\n\t\t<\/div>\n\n\t\t\n\n\t\t<div class=\"section-content relative\">\n\t\t\t\n\n<div class=\"row\"  id=\"row-1992392657\">\n\n\n\t<div id=\"col-1482104667\" class=\"col medium-4 small-12 large-4\"  data-animate=\"fadeInUp\">\n\t\t\t\t<div class=\"col-inner\"  >\n\t\t\t\n\t\t\t\n\n\n\t\t<div class=\"icon-box featured-box icon-box-center text-center\"  style=\"margin:px px px px;\">\n\t\t\t\t\t<div class=\"icon-box-img has-icon-bg\" style=\"width: 42px\">\n\t\t\t\t<div class=\"icon\">\n\t\t\t\t\t<div class=\"icon-inner\" style=\"border-width:2px;color:rgb(143, 143, 143);\">\n\t\t\t\t\t\t\t\t\t\t\t<\/div>\n\t\t\t\t<\/div>\n\t\t\t<\/div>\n\t\t\t\t<div class=\"icon-box-text last-reset\">\n\t\t\t\t\t\t\t\t\t\n\n\t<div id=\"text-3257908586\" class=\"text\">\n\t\t\n\n<h3 class=\"text-align-center\">NUESTRA ORGANIZACI\u00d3N<\/h3>\n\t\t\n<style>\n#text-3257908586 {\n  font-size: 1rem;\n  text-align: center;\n  color: rgb(0,0,0);\n}\n#text-3257908586 > * {\n  color: rgb(0,0,0);\n}\n<\/style>\n\t<\/div>\n\t\n\t<div id=\"text-1030448765\" class=\"text\">\n\t\t\n\n<h3 class=\"text-align-center\">Responsables con el medio ambiente, somos pioneros en la utilizaci\u00f3n de pintura 100% a base de agua y contamos con estrictos programas de reciclaje<\/h3>\n\t\t\n<style>\n#text-1030448765 {\n  font-size: 0.75rem;\n  line-height: 1.65;\n  text-align: center;\n  color: rgb(0,0,0);\n}\n#text-1030448765 > * {\n  color: rgb(0,0,0);\n}\n<\/style>\n\t<\/div>\n\t\n\n\t\t<\/div>\n\t<\/div>\n\t\n\t\n\n\t\t<\/div>\n\t\t\t\t\t<\/div>\n\n\t\n\n\t<div id=\"col-1384511105\" class=\"col medium-4 small-12 large-4\"  data-animate=\"fadeInUp\">\n\t\t\t\t<div class=\"col-inner\"  >\n\t\t\t\n\t\t\t\n\n\n\t\t<div class=\"icon-box featured-box icon-box-center text-center\"  style=\"margin:px px px px;\">\n\t\t\t\t\t<div class=\"icon-box-img has-icon-bg\" style=\"width: 42px\">\n\t\t\t\t<div class=\"icon\">\n\t\t\t\t\t<div class=\"icon-inner\" style=\"border-width:2px;color:rgb(143, 143, 143);\">\n\t\t\t\t\t\t\t\t\t\t\t<\/div>\n\t\t\t\t<\/div>\n\t\t\t<\/div>\n\t\t\t\t<div class=\"icon-box-text last-reset\">\n\t\t\t\t\t\t\t\t\t\n\n\t<div id=\"text-3049458632\" class=\"text\">\n\t\t\n\n<h3 class=\"text-align-center\">MISI\u00d3N<\/h3>\n\t\t\n<style>\n#text-3049458632 {\n  font-size: 1rem;\n  text-align: center;\n  color: rgb(0,0,0);\n}\n#text-3049458632 > * {\n  color: rgb(0,0,0);\n}\n<\/style>\n\t<\/div>\n\t\n\t<div id=\"text-2138145202\" class=\"text\">\n\t\t\n\n<h3 class=\"text-align-center\">Ser la mejor alternativa del mercado en la reparaci\u00f3n de veh\u00edculos en las \u00e1reas de chapister\u00eda y pintura, en la actualizaci\u00f3n y mejoramiento continuo de nuestros procesos; Y un talento humano codiciado por la competencia con alta capacidad y disposici\u00f3n para trabajar en equipo.<\/h3>\n\t\t\n<style>\n#text-2138145202 {\n  font-size: 0.75rem;\n  line-height: 1.65;\n  text-align: center;\n  color: rgb(0,0,0);\n}\n#text-2138145202 > * {\n  color: rgb(0,0,0);\n}\n<\/style>\n\t<\/div>\n\t\n\n\t\t<\/div>\n\t<\/div>\n\t\n\t\n\n\t\t<\/div>\n\t\t\t\t\t<\/div>\n\n\t\n\n\t<div id=\"col-2143748765\" class=\"col medium-4 small-12 large-4\"  data-animate=\"fadeInUp\">\n\t\t\t\t<div class=\"col-inner\"  >\n\t\t\t\n\t\t\t\n\n\n\t\t<div class=\"icon-box featured-box icon-box-center text-center\"  style=\"margin:px px px px;\">\n\t\t\t\t\t<div class=\"icon-box-img has-icon-bg\" style=\"width: 42px\">\n\t\t\t\t<div class=\"icon\">\n\t\t\t\t\t<div class=\"icon-inner\" style=\"border-width:2px;color:rgb(143, 143, 143);\">\n\t\t\t\t\t\t\t\t\t\t\t<\/div>\n\t\t\t\t<\/div>\n\t\t\t<\/div>\n\t\t\t\t<div class=\"icon-box-text last-reset\">\n\t\t\t\t\t\t\t\t\t\n\n\t<div id=\"text-1706877407\" class=\"text\">\n\t\t\n\n<h3 class=\"text-align-center\">VISI\u00d3N<\/h3>\n\t\t\n<style>\n#text-1706877407 {\n  font-size: 1rem;\n  text-align: center;\n  color: rgb(0,0,0);\n}\n#text-1706877407 > * {\n  color: rgb(0,0,0);\n}\n<\/style>\n\t<\/div>\n\t\n\t<div id=\"text-2426377699\" class=\"text\">\n\t\t\n\n<h3 class=\"text-align-center\"><span class=\"\">Ser lideres en las \u00e1reas de reparaci\u00f3n de veh\u00edculos\u00a0<\/span>(chapister\u00eda y pintura)\u00a0, actualizando y mejorando continuamente nuestros procesos. Ofreciendo a nuestros clientes un trabajo especializado competitivo y la entrega oportuna de sus veh\u00edculos; Atenci\u00f3n y asesor\u00eda ; Tecnolog\u00eda de punta y un talento humano con alta capacidad y disposici\u00f3n para trabajar en equipo.<\/h3>\n\t\t\n<style>\n#text-2426377699 {\n  font-size: 0.75rem;\n  line-height: 1.65;\n  text-align: center;\n  color: rgb(0,0,0);\n}\n#text-2426377699 > * {\n  color: rgb(0,0,0);\n}\n<\/style>\n\t<\/div>\n\t\n\n\t\t<\/div>\n\t<\/div>\n\t\n\t\n\n\t\t<\/div>\n\t\t\t\t\t<\/div>\n\n\t\n\n<\/div>\n\n\t\t<\/div>\n\n\t\t\n<style>\n#section_1064209925 {\n  padding-top: 30px;\n  padding-bottom: 30px;\n  background-color: rgb(255,255,255);\n}\n#section_1064209925 .ux-shape-divider--top svg {\n  height: 150px;\n  --divider-top-width: 100%;\n}\n#section_1064209925 .ux-shape-divider--bottom svg {\n  height: 150px;\n  --divider-width: 100%;\n}\n<\/style>\n\t<\/section>\n\t\n\n\n\n","protected":false},"excerpt":{"rendered":"","protected":false},"author":1,"featured_media":0,"parent":0,"menu_order":0,"comment_status":"closed","ping_status":"closed","template":"page-transparent-header-light.php","meta":{"_joinchat":[],"footnotes":""},"class_list":["post-12","page","type-page","status-publish","hentry"],"_links":{"self":[{"href":"https:\/\/pepsasa.com\/index.php\/wp-json\/wp\/v2\/pages\/12","targetHints":{"allow":["GET"]}}],"collection":[{"href":"https:\/\/pepsasa.com\/index.php\/wp-json\/wp\/v2\/pages"}],"about":[{"href":"https:\/\/pepsasa.com\/index.php\/wp-json\/wp\/v2\/types\/page"}],"author":[{"embeddable":true,"href":"https:\/\/pepsasa.com\/index.php\/wp-json\/wp\/v2\/users\/1"}],"replies":[{"embeddable":true,"href":"https:\/\/pepsasa.com\/index.php\/wp-json\/wp\/v2\/comments?post=12"}],"version-history":[{"count":22,"href":"https:\/\/pepsasa.com\/index.php\/wp-json\/wp\/v2\/pages\/12\/revisions"}],"predecessor-version":[{"id":93,"href":"https:\/\/pepsasa.com\/index.php\/wp-json\/wp\/v2\/pages\/12\/revisions\/93"}],"wp:attachment":[{"href":"https:\/\/pepsasa.com\/index.php\/wp-json\/wp\/v2\/media?parent=12"}],"curies":[{"name":"wp","href":"https:\/\/api.w.org\/{rel}","templated":true}]}}